{"id":6441,"date":"2021-08-26T10:31:39","date_gmt":"2021-08-26T08:31:39","guid":{"rendered":"https:\/\/runningzgz.com\/noticias\/?page_id=6441"},"modified":"2025-02-26T06:01:30","modified_gmt":"2025-02-26T05:01:30","slug":"cupones-descuento","status":"publish","type":"page","link":"https:\/\/runningzgz.com\/noticias\/cupones-descuento\/","title":{"rendered":"Cupones descuento"},"content":{"rendered":"<p>[et_pb_section fb_built=\u00bb1&#8243; _builder_version=\u00bb4.16&#8243; locked=\u00bboff\u00bb global_colors_info=\u00bb{}\u00bb][et_pb_row _builder_version=\u00bb4.16&#8243; custom_margin=\u00bb-50px||-30px||false|false\u00bb global_colors_info=\u00bb{}\u00bb][et_pb_column type=\u00bb4_4&#8243; _builder_version=\u00bb4.16&#8243; global_colors_info=\u00bb{}\u00bb][et_pb_text admin_label=\u00bbTexto\u00bb _builder_version=\u00bb4.18.0&#8243; global_colors_info=\u00bb{}\u00bb]<\/p>\n<h2 style=\"text-align: center;\"><strong><span style=\"color: #ff6600;\">Utiliza nuestros Cupones de Descuento<br \/>para obtener los mejores precios.<\/span><\/strong><\/h2>\n<p>[\/et_pb_text][\/et_pb_column][\/et_pb_row][et_pb_row column_structure=\u00bb1_2,1_2&#8243; _builder_version=\u00bb4.16&#8243; global_colors_info=\u00bb{}\u00bb][et_pb_column type=\u00bb1_2&#8243; _builder_version=\u00bb4.16&#8243; global_colors_info=\u00bb{}\u00bb][et_pb_text _builder_version=\u00bb4.18.0&#8243; global_colors_info=\u00bb{}\u00bb]<\/p>\n<p>Un poco m\u00e1s abajo tienes todos los Cupones que est\u00e1n activos en este momento. Utilizar los <strong>Cupones de Descuento<\/strong> en nuestra web es muy sencillo:<\/p>\n<p><strong>1\u00ba A\u00f1ade los productos que deseas comprar al carrito de la compra. <\/strong>Cuando hayas finalizado, presiona en el bot\u00f3n de carrito que figura en el men\u00fa superior para ver el contenido del mismo.<\/p>\n<p><strong>2\u00ba Si alguno de esos productos que has a\u00f1adido al carrito cuenta con un Cup\u00f3n de Descuento<\/strong> vigente, podr\u00e1s beneficiarte del descuento correspondiente (en la descripci\u00f3n de cada Cup\u00f3n, figura siempre el descuento, los productos a los que se les aplica y la fecha de validez del Cup\u00f3n).<\/p>\n<p>[\/et_pb_text][\/et_pb_column][et_pb_column type=\u00bb1_2&#8243; _builder_version=\u00bb4.16&#8243; global_colors_info=\u00bb{}\u00bb][et_pb_text _builder_version=\u00bb4.18.0&#8243; global_colors_info=\u00bb{}\u00bb]<\/p>\n<p><strong>3\u00ba Introduce el c\u00f3digo del Cup\u00f3n<\/strong> en la celda correspondiente tal y como figura en la imagen y presiona en el bot\u00f3n <strong>\u00abA\u00f1adir\u00bb<\/strong> para que se calcule el descuento en tu pedido.<\/p>\n<p><strong>4\u00ba Haz click en el bot\u00f3n \u00abPASAR POR CAJA\u00bb<\/strong> y realiza el pago de tu pedido.<\/p>\n<p>[\/et_pb_text][et_pb_image src=\u00bbhttps:\/\/runningzgz.com\/noticias\/wp-content\/uploads\/2021\/08\/Explicacio\u0301n-carrito.jpg\u00bb alt=\u00bbejemplo equivalencia tallas zapatillas running\u00bb title_text=\u00bbExplicacio\u0301n-carrito\u00bb align=\u00bbcenter\u00bb _builder_version=\u00bb4.18.0&#8243; global_colors_info=\u00bb{}\u00bb][\/et_pb_image][\/et_pb_column][\/et_pb_row][\/et_pb_section][et_pb_section fb_built=\u00bb1&#8243; _builder_version=\u00bb4.16&#8243; custom_margin=\u00bb-115px||||false|false\u00bb locked=\u00bboff\u00bb global_colors_info=\u00bb{}\u00bb][et_pb_row column_structure=\u00bb1_2,1_2&#8243; _builder_version=\u00bb4.16&#8243; global_colors_info=\u00bb{}\u00bb][et_pb_column type=\u00bb1_2&#8243; _builder_version=\u00bb4.16&#8243; global_colors_info=\u00bb{}\u00bb][et_pb_image alt=\u00bbdescuentos running\u00bb title_text=\u00bbnutri10 julio\u00bb url=\u00bbhttps:\/\/runningzgz.com\/22-nutricion\u00bb url_new_window=\u00bbon\u00bb _builder_version=\u00bb4.18.0&#8243; width=\u00bb100%\u00bb max_width=\u00bb100%\u00bb custom_margin=\u00bb-30px||0px||false|false\u00bb custom_padding=\u00bb0px||0px||true|false\u00bb hover_enabled=\u00bb0&#8243; global_colors_info=\u00bb{}\u00bb src=\u00bbhttps:\/\/runningzgz.com\/noticias\/wp-content\/uploads\/2025\/02\/nutri10-julio.webp\u00bb sticky_enabled=\u00bb0&#8243;][\/et_pb_image][et_pb_image alt=\u00bbrunning zaragoza\u00bb title_text=\u00bbr10 julio\u00bb url=\u00bbhttps:\/\/7b7a078f.sibforms.com\/serve\/MUIFAFGOHQvzBWoGDyNQVjD2yJuJ3G9M2asbjdKrtroml5jeqkxaNzu4wgydj7Cfc1w7SPyueZjeh1GU8P2exwMBUMqpB3jRSuaTBcu7BqJP-LCj3K2roGJYedPJZg0ISB4bwaUZ6AqTtCBK9ygnUdUabY_MMRLf_8POXlkEZ1IDRfl5veHkN9vh3sxn352IWNWhxCF11PPZIirQ\u00bb url_new_window=\u00bbon\u00bb admin_label=\u00bbImagen\u00bb _builder_version=\u00bb4.18.0&#8243; width=\u00bb100%\u00bb max_width=\u00bb100%\u00bb custom_margin=\u00bb50px||0px||false|false\u00bb custom_padding=\u00bb0px||0px||true|false\u00bb hover_enabled=\u00bb0&#8243; global_colors_info=\u00bb{}\u00bb src=\u00bbhttps:\/\/runningzgz.com\/noticias\/wp-content\/uploads\/2025\/02\/r10-julio.webp\u00bb sticky_enabled=\u00bb0&#8243;][\/et_pb_image][\/et_pb_column][et_pb_column type=\u00bb1_2&#8243; _builder_version=\u00bb4.16&#8243; global_colors_info=\u00bb{}\u00bb][et_pb_image alt=\u00bbelectronica running\u00bb title_text=\u00bbelectro 10 julio\u00bb url=\u00bbhttps:\/\/runningzgz.com\/21-electronica\u00bb url_new_window=\u00bbon\u00bb admin_label=\u00bbImagen\u00bb _builder_version=\u00bb4.18.0&#8243; width=\u00bb100%\u00bb max_width=\u00bb100%\u00bb custom_margin=\u00bb-30px||0px||false|false\u00bb custom_padding=\u00bb0px||0px||true|false\u00bb hover_enabled=\u00bb0&#8243; global_colors_info=\u00bb{}\u00bb src=\u00bbhttps:\/\/runningzgz.com\/noticias\/wp-content\/uploads\/2025\/02\/electro-10-julio.webp\u00bb sticky_enabled=\u00bb0&#8243;][\/et_pb_image][\/et_pb_column][\/et_pb_row][\/et_pb_section]<\/p>\n","protected":false},"excerpt":{"rendered":"<p>Utiliza nuestros Cupones de Descuentopara obtener los mejores precios.Un poco m\u00e1s abajo tienes todos los Cupones que est\u00e1n activos en este momento. Utilizar los Cupones de Descuento en nuestra web es muy sencillo: 1\u00ba A\u00f1ade los productos que deseas comprar al carrito de la compra. Cuando hayas finalizado, presiona en el bot\u00f3n de carrito que [&hellip;]<\/p>\n","protected":false},"author":3,"featured_media":0,"parent":0,"menu_order":0,"comment_status":"closed","ping_status":"closed","template":"","meta":{"_et_pb_use_builder":"on","_et_pb_old_content":"","_et_gb_content_width":""},"yoast_head":"<!-- This site is optimized with the Yoast SEO plugin v19.6.1 - https:\/\/yoast.com\/wordpress\/plugins\/seo\/ -->\n<title>Cupones descuento - Running ZGZ<\/title>\n<meta name=\"robots\" content=\"index, follow, max-snippet:-1, max-image-preview:large, max-video-preview:-1\" \/>\n<link rel=\"canonical\" href=\"https:\/\/runningzgz.com\/noticias\/cupones-descuento\/\" \/>\n<meta property=\"og:locale\" content=\"es_ES\" \/>\n<meta property=\"og:type\" content=\"article\" \/>\n<meta property=\"og:title\" content=\"Cupones descuento - Running ZGZ\" \/>\n<meta property=\"og:description\" content=\"Utiliza nuestros Cupones de Descuentopara obtener los mejores precios.Un poco m\u00e1s abajo tienes todos los Cupones que est\u00e1n activos en este momento. Utilizar los Cupones de Descuento en nuestra web es muy sencillo: 1\u00ba A\u00f1ade los productos que deseas comprar al carrito de la compra. Cuando hayas finalizado, presiona en el bot\u00f3n de carrito que [&hellip;]\" \/>\n<meta property=\"og:url\" content=\"https:\/\/runningzgz.com\/noticias\/cupones-descuento\/\" \/>\n<meta property=\"og:site_name\" content=\"Running ZGZ\" \/>\n<meta property=\"article:modified_time\" content=\"2025-02-26T05:01:30+00:00\" \/>\n<meta name=\"twitter:card\" content=\"summary_large_image\" \/>\n<meta name=\"twitter:label1\" content=\"Tiempo de lectura\" \/>\n\t<meta name=\"twitter:data1\" content=\"2 minutos\" \/>\n<script type=\"application\/ld+json\" class=\"yoast-schema-graph\">{\"@context\":\"https:\/\/schema.org\",\"@graph\":[{\"@type\":\"WebPage\",\"@id\":\"https:\/\/runningzgz.com\/noticias\/cupones-descuento\/\",\"url\":\"https:\/\/runningzgz.com\/noticias\/cupones-descuento\/\",\"name\":\"Cupones descuento - Running ZGZ\",\"isPartOf\":{\"@id\":\"https:\/\/runningzgz.com\/noticias\/#website\"},\"datePublished\":\"2021-08-26T08:31:39+00:00\",\"dateModified\":\"2025-02-26T05:01:30+00:00\",\"breadcrumb\":{\"@id\":\"https:\/\/runningzgz.com\/noticias\/cupones-descuento\/#breadcrumb\"},\"inLanguage\":\"es\",\"potentialAction\":[{\"@type\":\"ReadAction\",\"target\":[\"https:\/\/runningzgz.com\/noticias\/cupones-descuento\/\"]}]},{\"@type\":\"BreadcrumbList\",\"@id\":\"https:\/\/runningzgz.com\/noticias\/cupones-descuento\/#breadcrumb\",\"itemListElement\":[{\"@type\":\"ListItem\",\"position\":1,\"name\":\"Portada\",\"item\":\"https:\/\/runningzgz.com\/noticias\/\"},{\"@type\":\"ListItem\",\"position\":2,\"name\":\"Cupones descuento\"}]},{\"@type\":\"WebSite\",\"@id\":\"https:\/\/runningzgz.com\/noticias\/#website\",\"url\":\"https:\/\/runningzgz.com\/noticias\/\",\"name\":\"Running ZGZ\",\"description\":\"Tienda especializada en zapatillas y ropa de running\",\"potentialAction\":[{\"@type\":\"SearchAction\",\"target\":{\"@type\":\"EntryPoint\",\"urlTemplate\":\"https:\/\/runningzgz.com\/noticias\/?s={search_term_string}\"},\"query-input\":\"required name=search_term_string\"}],\"inLanguage\":\"es\"}]}<\/script>\n<!-- \/ Yoast SEO plugin. -->","yoast_head_json":{"title":"Cupones descuento - Running ZGZ","robots":{"index":"index","follow":"follow","max-snippet":"max-snippet:-1","max-image-preview":"max-image-preview:large","max-video-preview":"max-video-preview:-1"},"canonical":"https:\/\/runningzgz.com\/noticias\/cupones-descuento\/","og_locale":"es_ES","og_type":"article","og_title":"Cupones descuento - Running ZGZ","og_description":"Utiliza nuestros Cupones de Descuentopara obtener los mejores precios.Un poco m\u00e1s abajo tienes todos los Cupones que est\u00e1n activos en este momento. Utilizar los Cupones de Descuento en nuestra web es muy sencillo: 1\u00ba A\u00f1ade los productos que deseas comprar al carrito de la compra. Cuando hayas finalizado, presiona en el bot\u00f3n de carrito que [&hellip;]","og_url":"https:\/\/runningzgz.com\/noticias\/cupones-descuento\/","og_site_name":"Running ZGZ","article_modified_time":"2025-02-26T05:01:30+00:00","twitter_card":"summary_large_image","twitter_misc":{"Tiempo de lectura":"2 minutos"},"schema":{"@context":"https:\/\/schema.org","@graph":[{"@type":"WebPage","@id":"https:\/\/runningzgz.com\/noticias\/cupones-descuento\/","url":"https:\/\/runningzgz.com\/noticias\/cupones-descuento\/","name":"Cupones descuento - Running ZGZ","isPartOf":{"@id":"https:\/\/runningzgz.com\/noticias\/#website"},"datePublished":"2021-08-26T08:31:39+00:00","dateModified":"2025-02-26T05:01:30+00:00","breadcrumb":{"@id":"https:\/\/runningzgz.com\/noticias\/cupones-descuento\/#breadcrumb"},"inLanguage":"es","potentialAction":[{"@type":"ReadAction","target":["https:\/\/runningzgz.com\/noticias\/cupones-descuento\/"]}]},{"@type":"BreadcrumbList","@id":"https:\/\/runningzgz.com\/noticias\/cupones-descuento\/#breadcrumb","itemListElement":[{"@type":"ListItem","position":1,"name":"Portada","item":"https:\/\/runningzgz.com\/noticias\/"},{"@type":"ListItem","position":2,"name":"Cupones descuento"}]},{"@type":"WebSite","@id":"https:\/\/runningzgz.com\/noticias\/#website","url":"https:\/\/runningzgz.com\/noticias\/","name":"Running ZGZ","description":"Tienda especializada en zapatillas y ropa de running","potentialAction":[{"@type":"SearchAction","target":{"@type":"EntryPoint","urlTemplate":"https:\/\/runningzgz.com\/noticias\/?s={search_term_string}"},"query-input":"required name=search_term_string"}],"inLanguage":"es"}]}},"_links":{"self":[{"href":"https:\/\/runningzgz.com\/noticias\/wp-json\/wp\/v2\/pages\/6441"}],"collection":[{"href":"https:\/\/runningzgz.com\/noticias\/wp-json\/wp\/v2\/pages"}],"about":[{"href":"https:\/\/runningzgz.com\/noticias\/wp-json\/wp\/v2\/types\/page"}],"author":[{"embeddable":true,"href":"https:\/\/runningzgz.com\/noticias\/wp-json\/wp\/v2\/users\/3"}],"replies":[{"embeddable":true,"href":"https:\/\/runningzgz.com\/noticias\/wp-json\/wp\/v2\/comments?post=6441"}],"version-history":[{"count":125,"href":"https:\/\/runningzgz.com\/noticias\/wp-json\/wp\/v2\/pages\/6441\/revisions"}],"predecessor-version":[{"id":7848,"href":"https:\/\/runningzgz.com\/noticias\/wp-json\/wp\/v2\/pages\/6441\/revisions\/7848"}],"wp:attachment":[{"href":"https:\/\/runningzgz.com\/noticias\/wp-json\/wp\/v2\/media?parent=6441"}],"curies":[{"name":"wp","href":"https:\/\/api.w.org\/{rel}","templated":true}]}}